{"id":594,"date":"2024-06-02T23:40:40","date_gmt":"2024-06-03T04:40:40","guid":{"rendered":"https:\/\/www.infomedicintl.com\/?page_id=594"},"modified":"2024-06-03T00:24:13","modified_gmt":"2024-06-03T05:24:13","slug":"e-galenus","status":"publish","type":"page","link":"https:\/\/www.infomedicintl.com\/index.php\/e-galenus\/","title":{"rendered":"E-Galenus"},"content":{"rendered":"\n<p>Nuestros servicios de plataforma educativa integra multiples soluciones digitales como Moodle, Zoom, Paypal, lo que permite realizar sus actividades virtuales y locales de forma eficiente.<\/p>\n\n\n\n<p>Incluimos un interface facil para el mercadeo de su actividad y la generaci\u00f3n de certificados de participaci\u00f3n.<\/p>\n\n\n\n<p>Cuenta con una consola de estad\u00edstica para llevar registro de sus visitas en las actividades. \u00datil para actividades recurrentes donde se requiere incrementar la participaci\u00f3n en el tiempo.<\/p>\n\n\n\n<p><strong>Colecci\u00f3n de Videos<\/strong><\/p>\n\n\n\n<figure class=\"wp-block-image size-large is-resized\"><img fetchpriority=\"high\" decoding=\"async\" width=\"1024\" height=\"543\" src=\"https:\/\/www.infomedicintl.com\/wp-content\/uploads\/2024\/06\/coleccion-video-1024x543.png\" alt=\"\" class=\"wp-image-645\" style=\"width:575px;height:auto\" srcset=\"https:\/\/www.infomedicintl.com\/wp-content\/uploads\/2024\/06\/coleccion-video-1024x543.png 1024w, https:\/\/www.infomedicintl.com\/wp-content\/uploads\/2024\/06\/coleccion-video-300x159.png 300w, https:\/\/www.infomedicintl.com\/wp-content\/uploads\/2024\/06\/coleccion-video-768x407.png 768w, https:\/\/www.infomedicintl.com\/wp-content\/uploads\/2024\/06\/coleccion-video-1200x637.png 1200w, https:\/\/www.infomedicintl.com\/wp-content\/uploads\/2024\/06\/coleccion-video.png 1397w\" sizes=\"(max-width: 709px) 85vw, (max-width: 909px) 67vw, (max-width: 1362px) 62vw, 840px\" \/><\/figure>\n\n\n\n<p><\/p>\n\n\n\n<p><strong>Certificados<\/strong><\/p>\n\n\n\n<figure class=\"wp-block-image size-full is-resized\"><img decoding=\"async\" width=\"828\" height=\"633\" src=\"https:\/\/www.infomedicintl.com\/wp-content\/uploads\/2024\/06\/certificate.png\" alt=\"\" class=\"wp-image-644\" style=\"width:267px;height:auto\" srcset=\"https:\/\/www.infomedicintl.com\/wp-content\/uploads\/2024\/06\/certificate.png 828w, https:\/\/www.infomedicintl.com\/wp-content\/uploads\/2024\/06\/certificate-300x229.png 300w, https:\/\/www.infomedicintl.com\/wp-content\/uploads\/2024\/06\/certificate-768x587.png 768w\" sizes=\"(max-width: 828px) 85vw, 828px\" \/><\/figure>\n\n\n\n<style>\n.site {background-color:#0a1924;}\n.entry-title {color:white;margin-top:30px;}\narticle {color:white;}\n<\/style>\n","protected":false},"excerpt":{"rendered":"<p>Nuestros servicios de plataforma educativa integra multiples soluciones digitales como Moodle, Zoom, Paypal, lo que permite realizar sus actividades virtuales y locales de forma eficiente. Incluimos un interface facil para el mercadeo de su actividad y la generaci\u00f3n de certificados de participaci\u00f3n. Cuenta con una consola de estad\u00edstica para llevar registro de sus visitas en &hellip; <a href=\"https:\/\/www.infomedicintl.com\/index.php\/e-galenus\/\" class=\"more-link\">Continue reading<span class=\"screen-reader-text\"> &#8220;E-Galenus&#8221;<\/span><\/a><\/p>\n","protected":false},"author":1,"featured_media":0,"parent":0,"menu_order":0,"comment_status":"closed","ping_status":"closed","template":"","meta":{"_sb_is_suggestion_mode":false,"_sb_show_suggestion_boards":false,"_sb_show_comment_boards":false,"_sb_suggestion_history":"","_sb_update_block_changes":"","footnotes":""},"class_list":["post-594","page","type-page","status-publish","hentry"],"_links":{"self":[{"href":"https:\/\/www.infomedicintl.com\/index.php\/wp-json\/wp\/v2\/pages\/594","targetHints":{"allow":["GET"]}}],"collection":[{"href":"https:\/\/www.infomedicintl.com\/index.php\/wp-json\/wp\/v2\/pages"}],"about":[{"href":"https:\/\/www.infomedicintl.com\/index.php\/wp-json\/wp\/v2\/types\/page"}],"author":[{"embeddable":true,"href":"https:\/\/www.infomedicintl.com\/index.php\/wp-json\/wp\/v2\/users\/1"}],"replies":[{"embeddable":true,"href":"https:\/\/www.infomedicintl.com\/index.php\/wp-json\/wp\/v2\/comments?post=594"}],"version-history":[{"count":6,"href":"https:\/\/www.infomedicintl.com\/index.php\/wp-json\/wp\/v2\/pages\/594\/revisions"}],"predecessor-version":[{"id":648,"href":"https:\/\/www.infomedicintl.com\/index.php\/wp-json\/wp\/v2\/pages\/594\/revisions\/648"}],"wp:attachment":[{"href":"https:\/\/www.infomedicintl.com\/index.php\/wp-json\/wp\/v2\/media?parent=594"}],"curies":[{"name":"wp","href":"https:\/\/api.w.org\/{rel}","templated":true}]}}