{"id":245,"date":"2022-03-15T13:30:42","date_gmt":"2022-03-15T18:30:42","guid":{"rendered":"https:\/\/www.infomedicintl.com\/?page_id=245"},"modified":"2022-03-15T13:32:23","modified_gmt":"2022-03-15T18:32:23","slug":"servicios-ngs-enfermedades-metabolicas","status":"publish","type":"page","link":"https:\/\/www.infomedicintl.com\/index.php\/servicios-ngs-enfermedades-metabolicas\/","title":{"rendered":"Servicios NGS \/ Enfermedades Metab\u00f3licas"},"content":{"rendered":"\n<p><strong>Presentamos un listado de las m\u00faltiples enfermedades metab\u00f3licas que se pueden detectar a trav\u00e9s de la secuenciaci\u00f3n ex\u00f3mica:<\/strong><\/p>\n\n\n\n<p>Enfermedad de la orina con jarabe de arce<br>Fenilcetonuria<br>Deficiencia de tetrahidrobiopterina<br>Tirosinemia I<br>Tirosinemia II<br>Tirosinemia III<br>Citrulinemia I<br>Citrulinemia II<br>Argininemia<br>Deficiencia de Ornitina Transcarbamilasa<br>Hiperornitinemia con giralatrofia<br>Deficiencia de Carbamil Fosfato Sintasa<br>Deficiencia de N-acetilglutamato sintasa<br>Aciduria argininosucc\u00ednica<br>Homocisteinemia<br>Hipermetioninemia Hiperornitinemia S\u00edndrome de homocitrulinuria<br>Hiperamonemia<br>Hiperornitinemia<br>Hiperglicinemia no cet\u00f3sica<br>Histidinemia<br>Hipervlinemia<br>Acidemia metilmal\u00f3nica<br>Acidemia propi\u00f3nica<br>Deficiencia de 2-Metilbutiril CoA Deshidrogenasa<br>Acidemia isoval\u00e9rica<br>Deficiencia de 3-metil Crotonil CoA Carboxilasa<br>Aciduria 3-metilglutac\u00f3nica<br>Deficiencia de 2-metil-3-hidroxibutiril CoA deshidrogenasa<br>Deficiencia de carboxilasa m\u00faltiple<br>Deficiencia de 3-Hidroxi-3-Metilglutail-coenzima A Liasa<br>Deficiencia de Beta-Cetotiolasa<br>Deficiencia de Isobutiril-CoA deshidrogenasa<br>Acidemia glut\u00e1rica tipo I<br>Deficiencia de carnitina palmitoil transferasa tipo I<br>Deficiencia de carnitina palmitoil transferasa tipo II<br>Defecto de captaci\u00f3n de carnitina<br>Deficiencia de acilcoa deshidrogenasa de cadena corta<br>Deficiencia de acilcoa deshidrogenasa de cadena media<br>Deficiencia de Acil Coa Deshidrogenasa de Cadena Muy Larga<br>Deficiencia de hidroxi-coa deshidrogenasa de cadena media\/corta<br>Deficiencia de 3 hidroxi-coa de cadena larga deshidrogenasa<br>Deficiencia de Malonil-CoA Descarboxilasa<br>Encefalopat\u00eda etilmal\u00f3nica<br>Deficiencia de carnitina\/acilcarnitina translocasa<br>Deficiencia de prote\u00edna trifuncional<br>Acidemia Glut\u00e1rica Tipo II<br>Deficiencia de 3-cetoacil CoA tiolasa de cadena media<br>Deficiencia de 2,4- Dienil-CoA Reductasa<\/p>\n\n\n\n<p><\/p>\n\n\n\n<p><\/p>\n\n\n\n<p>English Version<\/p>\n\n\n\n<p>We present a list of the many metabolic diseases that can be detected by exome sequencing:<\/p>\n\n\n\n<p>Maple Syrup Urine Disease<br>Phenylketonuria<br>Tetrahydrobiopterin Deficiency<br>Tyrosinemia I<br>Tyrosinemia II<br>Tyrosinemia III<br>Citrullinemia I<br>Citrullinemia II<br>Argininemia<br>Ornithine Transcarbamylase Defeciency<br>Hyperornithinemia with Gyralatrophy<br>Carbamyl Phosphate Synthase Deficiency<br>N-Acetyglutamate Synthase Deficiency<br>Argininosuccinic Aciduria<br>Homocysteinemia<br>Hypermethioninemia Hyperornithinemia Homocitrullinuria Syndrome<br>Hyperammonemia<br>Hyperornithinemia<br>Non Ketotic Hyperglycinemia<br>Histidinemia<br>Hypervlinemia<br>Methyl Malonic Acidemia<br>Propionic Acidemia<br>2-Methylbutyryl CoA Dehydrogenase Deficiency<br>Isovaleric Acidemia<br>3-Methyl Crotonyl CoA Carboxylase Deficiency<br>3-Methyl Glutaconic Aciduria<br>2-Methyl-3-Hydroxybutyryl CoA Dehydrogenase Deficiency<br>Multiple Carboxylase Deficiency<br>3-Hydroxy-3-Methylglutayl-coenzyme A Lyase Deficiency<br>Beta-Ketothiolase Deficiency<br>Isobutyryl-CoA Dehydrogenase Deficiency<br>Glutaric acidemia Type I<br>Carnitine Palmitoyl Transferase Deficiency Type I<br>Carnitine Palmitoyl Transferase Deficiency Type II<br>Carnitine Uptake Defect<br>Short Chain Acyl Coa Dehydrogenase Deficiency<br>Medium Chain Acyl Coa Dehydrogenase Deficiency<br>Very Long Chain Acyl Coa Dehydrogenase Deficiency<br>Medium\/Short Chain Hydroxy Acyl Coa Dehydrogenase Deficiency<br>3 Hydroxy Long Chain Acyl Coa Dehydrogenase Deficiency<br>Malonyl-CoA Decarboxylase Deficiency<br>Ethylmalonic Encephalopathy<br>Carnitine\/Acylcarnitine Translocase Deficiency<br>Trifunctional Protein Deficiency<br>Glutaric Acidemia Type II<br>Medium Chain 3- Ketoacyl CoA Thiolase Deficiency<br>2,4- Dienyl-CoA Reductase Deficiency<\/p>\n","protected":false},"excerpt":{"rendered":"<p>Presentamos un listado de las m\u00faltiples enfermedades metab\u00f3licas que se pueden detectar a trav\u00e9s de la secuenciaci\u00f3n ex\u00f3mica: Enfermedad de la orina con jarabe de arceFenilcetonuriaDeficiencia de tetrahidrobiopterinaTirosinemia ITirosinemia IITirosinemia IIICitrulinemia ICitrulinemia IIArgininemiaDeficiencia de Ornitina TranscarbamilasaHiperornitinemia con giralatrofiaDeficiencia de Carbamil Fosfato SintasaDeficiencia de N-acetilglutamato sintasaAciduria argininosucc\u00ednicaHomocisteinemiaHipermetioninemia Hiperornitinemia S\u00edndrome de homocitrulinuriaHiperamonemiaHiperornitinemiaHiperglicinemia no cet\u00f3sicaHistidinemiaHipervlinemiaAcidemia metilmal\u00f3nicaAcidemia propi\u00f3nicaDeficiencia de &hellip; <a href=\"https:\/\/www.infomedicintl.com\/index.php\/servicios-ngs-enfermedades-metabolicas\/\" class=\"more-link\">Continue reading<span class=\"screen-reader-text\"> &#8220;Servicios NGS \/ Enfermedades Metab\u00f3licas&#8221;<\/span><\/a><\/p>\n","protected":false},"author":1,"featured_media":0,"parent":0,"menu_order":0,"comment_status":"closed","ping_status":"closed","template":"","meta":{"_sb_is_suggestion_mode":false,"_sb_show_suggestion_boards":false,"_sb_show_comment_boards":false,"_sb_suggestion_history":"","_sb_update_block_changes":"","footnotes":""},"class_list":["post-245","page","type-page","status-publish","hentry"],"_links":{"self":[{"href":"https:\/\/www.infomedicintl.com\/index.php\/wp-json\/wp\/v2\/pages\/245","targetHints":{"allow":["GET"]}}],"collection":[{"href":"https:\/\/www.infomedicintl.com\/index.php\/wp-json\/wp\/v2\/pages"}],"about":[{"href":"https:\/\/www.infomedicintl.com\/index.php\/wp-json\/wp\/v2\/types\/page"}],"author":[{"embeddable":true,"href":"https:\/\/www.infomedicintl.com\/index.php\/wp-json\/wp\/v2\/users\/1"}],"replies":[{"embeddable":true,"href":"https:\/\/www.infomedicintl.com\/index.php\/wp-json\/wp\/v2\/comments?post=245"}],"version-history":[{"count":3,"href":"https:\/\/www.infomedicintl.com\/index.php\/wp-json\/wp\/v2\/pages\/245\/revisions"}],"predecessor-version":[{"id":248,"href":"https:\/\/www.infomedicintl.com\/index.php\/wp-json\/wp\/v2\/pages\/245\/revisions\/248"}],"wp:attachment":[{"href":"https:\/\/www.infomedicintl.com\/index.php\/wp-json\/wp\/v2\/media?parent=245"}],"curies":[{"name":"wp","href":"https:\/\/api.w.org\/{rel}","templated":true}]}}