{"id":124,"date":"2021-12-06T15:50:39","date_gmt":"2021-12-06T20:50:39","guid":{"rendered":"https:\/\/www.infomedicintl.com\/\/?page_id=124"},"modified":"2026-02-24T21:20:09","modified_gmt":"2026-02-25T02:20:09","slug":"sobre-nosotros","status":"publish","type":"page","link":"https:\/\/www.infomedicintl.com\/index.php\/sobre-nosotros\/","title":{"rendered":"Sobre nosotros"},"content":{"rendered":"\n<p>Infomedic International es una empresa con sede en Panam\u00e1. Fundada en el a\u00f1o 2006. <\/p>\n\n\n\n<p>Se ha caracterizado por proveer servicios de alta tecnolog\u00eda y soluciones computacionales en el campo de la Salud. Brindamos servicio a m\u00faltiples agrupaciones e instituciones regionales con el prop\u00f3sito de promover los avances tecnol\u00f3gicos, afectando la salud y promoviendo la educaci\u00f3n m\u00e9dica.<\/p>\n\n\n\n<p>Tenemos representaci\u00f3n en las siguientes regiones:<\/p>\n\n\n\n<ul class=\"wp-block-list\">\n<li>Panam\u00e1<\/li>\n\n\n\n<li>Espa\u00f1a<\/li>\n\n\n\n<li>Alemania<\/li>\n\n\n\n<li>Canada y Estados Unidos<\/li>\n<\/ul>\n\n\n\n<style>.main-navigation a {color:darkgray;}<\/style>\n","protected":false},"excerpt":{"rendered":"<p>Infomedic International es una empresa con sede en Panam\u00e1. Fundada en el a\u00f1o 2006. Se ha caracterizado por proveer servicios de alta tecnolog\u00eda y soluciones computacionales en el campo de la Salud. Brindamos servicio a m\u00faltiples agrupaciones e instituciones regionales con el prop\u00f3sito de promover los avances tecnol\u00f3gicos, afectando la salud y promoviendo la educaci\u00f3n &hellip; <a href=\"https:\/\/www.infomedicintl.com\/index.php\/sobre-nosotros\/\" class=\"more-link\">Continue reading<span class=\"screen-reader-text\"> &#8220;Sobre nosotros&#8221;<\/span><\/a><\/p>\n","protected":false},"author":1,"featured_media":0,"parent":0,"menu_order":0,"comment_status":"closed","ping_status":"closed","template":"","meta":{"_sb_is_suggestion_mode":false,"_sb_show_suggestion_boards":false,"_sb_show_comment_boards":false,"_sb_suggestion_history":"","_sb_update_block_changes":"","footnotes":""},"class_list":["post-124","page","type-page","status-publish","hentry"],"_links":{"self":[{"href":"https:\/\/www.infomedicintl.com\/index.php\/wp-json\/wp\/v2\/pages\/124","targetHints":{"allow":["GET"]}}],"collection":[{"href":"https:\/\/www.infomedicintl.com\/index.php\/wp-json\/wp\/v2\/pages"}],"about":[{"href":"https:\/\/www.infomedicintl.com\/index.php\/wp-json\/wp\/v2\/types\/page"}],"author":[{"embeddable":true,"href":"https:\/\/www.infomedicintl.com\/index.php\/wp-json\/wp\/v2\/users\/1"}],"replies":[{"embeddable":true,"href":"https:\/\/www.infomedicintl.com\/index.php\/wp-json\/wp\/v2\/comments?post=124"}],"version-history":[{"count":4,"href":"https:\/\/www.infomedicintl.com\/index.php\/wp-json\/wp\/v2\/pages\/124\/revisions"}],"predecessor-version":[{"id":702,"href":"https:\/\/www.infomedicintl.com\/index.php\/wp-json\/wp\/v2\/pages\/124\/revisions\/702"}],"wp:attachment":[{"href":"https:\/\/www.infomedicintl.com\/index.php\/wp-json\/wp\/v2\/media?parent=124"}],"curies":[{"name":"wp","href":"https:\/\/api.w.org\/{rel}","templated":true}]}}